{"id":2083,"date":"2022-10-19T09:26:02","date_gmt":"2022-10-19T09:26:02","guid":{"rendered":"https:\/\/tgmsrl.com\/settori-produttivi-di-applicazione\/oleodinamica\/"},"modified":"2025-09-03T15:10:29","modified_gmt":"2025-09-03T15:10:29","slug":"hydraulik","status":"publish","type":"page","link":"https:\/\/www.tgmsrl.com\/de\/anwendungssektoren\/hydraulik\/","title":{"rendered":"Hydraulik"},"content":{"rendered":"\n<h2 class=\"wp-block-heading\">Hohe Pr\u00e4zision f\u00fcr Leistung im Bereich der Hydraulik.<\/h2>\n\n\n\n<p>Dies ist einer der Bereiche, in denen TGM von Anfang an eine f\u00fchrende Rolle gespielt hat. In der Hydraulik ist die Pr\u00e4zision der Teile entscheidend, um Mechanismen zu schaffen, die sehr hohe Dr\u00fccke und hohe Leistungen bew\u00e4ltigen k\u00f6nnen. TGM begleitet den Kunden von Anfang an und kann gemeinsam mit ihm die richtigen Werkstoffe empfehlen, wobei das Wissen auch Spezialst\u00e4hle umfasst, je nach Teil und den Kr\u00e4ften, denen es ausgesetzt sein wird. Seit Jahrzehnten stellen wir Hydraulikventile, Fittings, Stopfen und hydraulische Dichtungselemente im Allgemeinen her und bieten bei Bedarf auch einen Montageservice f\u00fcr Komponenten und Kan Ban-Handling an.<br>In der Umgebung des Unternehmens gibt es viele Unternehmen, die Hydrauliksysteme f\u00fcr die Industrie herstellen. Dies hat die Anforderungen an die Zulieferer erh\u00f6ht, sowohl was die Bearbeitungsanforderungen als auch die geforderten Garantien betrifft, und nat\u00fcrlich kann TGM auf alle Marktanforderungen perfekt reagieren.<\/p>\n\n\n\n<div style=\"height:50px\" aria-hidden=\"true\" class=\"wp-block-spacer\"><\/div>\n\n\n\n<figure class=\"wp-block-gallery has-nested-images columns-2 is-cropped wp-block-gallery-1 is-layout-flex wp-block-gallery-is-layout-flex\">\n<figure class=\"wp-block-image size-large\"><img loading=\"lazy\" decoding=\"async\" width=\"1001\" height=\"600\" data-id=\"644\" src=\"https:\/\/tgmmeccanicadiprecisione.it\/wp-content\/uploads\/2022\/11\/Oleodinamica.jpg\" alt=\"\" class=\"wp-image-644\" srcset=\"https:\/\/tgmmeccanicadiprecisione.it\/wp-content\/uploads\/2022\/11\/Oleodinamica.jpg 1001w, https:\/\/tgmmeccanicadiprecisione.it\/wp-content\/uploads\/2022\/11\/Oleodinamica-980x587.jpg 980w, https:\/\/tgmmeccanicadiprecisione.it\/wp-content\/uploads\/2022\/11\/Oleodinamica-480x288.jpg 480w\" sizes=\"auto, (min-width: 0px) and (max-width: 480px) 480px, (min-width: 481px) and (max-width: 980px) 980px, (min-width: 981px) 1001px, 100vw\" \/><\/figure>\n\n\n\n<figure class=\"wp-block-image size-large\"><img loading=\"lazy\" decoding=\"async\" width=\"1020\" height=\"600\" data-id=\"643\" src=\"https:\/\/tgmmeccanicadiprecisione.it\/wp-content\/uploads\/2022\/11\/Oleodinamica1.jpg\" alt=\"\" class=\"wp-image-643\" srcset=\"https:\/\/tgmmeccanicadiprecisione.it\/wp-content\/uploads\/2022\/11\/Oleodinamica1.jpg 1020w, https:\/\/tgmmeccanicadiprecisione.it\/wp-content\/uploads\/2022\/11\/Oleodinamica1-980x576.jpg 980w, https:\/\/tgmmeccanicadiprecisione.it\/wp-content\/uploads\/2022\/11\/Oleodinamica1-480x282.jpg 480w\" sizes=\"auto, (min-width: 0px) and (max-width: 480px) 480px, (min-width: 481px) and (max-width: 980px) 980px, (min-width: 981px) 1020px, 100vw\" \/><\/figure>\n\n\n\n<figure class=\"wp-block-image size-large\"><img loading=\"lazy\" decoding=\"async\" width=\"930\" height=\"600\" data-id=\"641\" src=\"https:\/\/tgmmeccanicadiprecisione.it\/wp-content\/uploads\/2022\/11\/Oleodinamica3.jpg\" alt=\"\" class=\"wp-image-641\" srcset=\"https:\/\/tgmmeccanicadiprecisione.it\/wp-content\/uploads\/2022\/11\/Oleodinamica3.jpg 930w, https:\/\/tgmmeccanicadiprecisione.it\/wp-content\/uploads\/2022\/11\/Oleodinamica3-480x310.jpg 480w\" sizes=\"auto, (min-width: 0px) and (max-width: 480px) 480px, (min-width: 481px) 930px, 100vw\" \/><\/figure>\n\n\n\n<figure class=\"wp-block-image size-large\"><img loading=\"lazy\" decoding=\"async\" width=\"834\" height=\"600\" data-id=\"642\" src=\"https:\/\/tgmmeccanicadiprecisione.it\/wp-content\/uploads\/2022\/11\/Oleodinamica2.jpg\" alt=\"\" class=\"wp-image-642\" srcset=\"https:\/\/tgmmeccanicadiprecisione.it\/wp-content\/uploads\/2022\/11\/Oleodinamica2.jpg 834w, https:\/\/tgmmeccanicadiprecisione.it\/wp-content\/uploads\/2022\/11\/Oleodinamica2-480x345.jpg 480w\" sizes=\"auto, (min-width: 0px) and (max-width: 480px) 480px, (min-width: 481px) 834px, 100vw\" \/><\/figure>\n<\/figure>\n","protected":false},"excerpt":{"rendered":"<p>Hohe Pr\u00e4zision f\u00fcr Leistung im Bereich der Hydraulik. Dies ist einer der Bereiche, in denen TGM von Anfang an eine f\u00fchrende Rolle gespielt hat. In der Hydraulik ist die Pr\u00e4zision der Teile entscheidend, um Mechanismen zu schaffen, die sehr hohe Dr\u00fccke und hohe Leistungen bew\u00e4ltigen k\u00f6nnen. TGM begleitet den Kunden von Anfang an und kann [&hellip;]<\/p>\n","protected":false},"author":1,"featured_media":1762,"parent":2009,"menu_order":0,"comment_status":"closed","ping_status":"closed","template":"","meta":{"_et_pb_use_builder":"off","_et_pb_old_content":"<!-- wp:divi\/placeholder \/-->","_et_gb_content_width":"","footnotes":""},"class_list":["post-2083","page","type-page","status-publish","has-post-thumbnail","hentry"],"yoast_head":"<!-- This site is optimized with the Yoast SEO plugin v20.1 - https:\/\/yoast.com\/wordpress\/plugins\/seo\/ -->\n<title>Mechanische Fertigung f\u00fcr Hydraulik &mdash; TGM<\/title>\n<meta name=\"description\" content=\"TGM srl fertigt hochpr\u00e4zise mechanische Teile f\u00fcr die Hydraulikindustrie. Unsere Qualit\u00e4t ist zertifiziert.\" \/>\n<meta name=\"robots\" content=\"index, follow, max-snippet:-1, max-image-preview:large, max-video-preview:-1\" \/>\n<link rel=\"canonical\" href=\"https:\/\/mail.tgmmeccanicadiprecisione.it\/de\/anwendungssektoren\/hydraulik\/\" \/>\n<meta property=\"og:locale\" content=\"de_DE\" \/>\n<meta property=\"og:type\" content=\"article\" \/>\n<meta property=\"og:title\" content=\"Mechanische Fertigung f\u00fcr Hydraulik &mdash; TGM\" \/>\n<meta property=\"og:description\" content=\"TGM srl fertigt hochpr\u00e4zise mechanische Teile f\u00fcr die Hydraulikindustrie. Unsere Qualit\u00e4t ist zertifiziert.\" \/>\n<meta property=\"og:url\" content=\"https:\/\/mail.tgmmeccanicadiprecisione.it\/de\/anwendungssektoren\/hydraulik\/\" \/>\n<meta property=\"og:site_name\" content=\"TGM\" \/>\n<meta property=\"article:modified_time\" content=\"2025-09-03T15:10:29+00:00\" \/>\n<meta property=\"og:image\" content=\"https:\/\/mail.tgmmeccanicadiprecisione.it\/wp-content\/uploads\/2022\/11\/Oleodinamica-1.jpg\" \/>\n\t<meta property=\"og:image:width\" content=\"1\" \/>\n\t<meta property=\"og:image:height\" content=\"1\" \/>\n\t<meta property=\"og:image:type\" content=\"image\/jpeg\" \/>\n<script type=\"application\/ld+json\" class=\"yoast-schema-graph\">{\"@context\":\"https:\/\/schema.org\",\"@graph\":[{\"@type\":\"WebPage\",\"@id\":\"https:\/\/mail.tgmmeccanicadiprecisione.it\/de\/anwendungssektoren\/hydraulik\/\",\"url\":\"https:\/\/mail.tgmmeccanicadiprecisione.it\/de\/anwendungssektoren\/hydraulik\/\",\"name\":\"Mechanische Fertigung f\u00fcr Hydraulik &mdash; TGM\",\"isPartOf\":{\"@id\":\"https:\/\/www.tgmsrl.com\/#website\"},\"datePublished\":\"2022-10-19T09:26:02+00:00\",\"dateModified\":\"2025-09-03T15:10:29+00:00\",\"description\":\"TGM srl fertigt hochpr\u00e4zise mechanische Teile f\u00fcr die Hydraulikindustrie. Unsere Qualit\u00e4t ist zertifiziert.\",\"breadcrumb\":{\"@id\":\"https:\/\/mail.tgmmeccanicadiprecisione.it\/de\/anwendungssektoren\/hydraulik\/#breadcrumb\"},\"inLanguage\":\"de\",\"potentialAction\":[{\"@type\":\"ReadAction\",\"target\":[\"https:\/\/mail.tgmmeccanicadiprecisione.it\/de\/anwendungssektoren\/hydraulik\/\"]}]},{\"@type\":\"BreadcrumbList\",\"@id\":\"https:\/\/mail.tgmmeccanicadiprecisione.it\/de\/anwendungssektoren\/hydraulik\/#breadcrumb\",\"itemListElement\":[{\"@type\":\"ListItem\",\"position\":1,\"name\":\"Home\",\"item\":\"https:\/\/mail.tgmmeccanicadiprecisione.it\/de\/\"},{\"@type\":\"ListItem\",\"position\":2,\"name\":\"Anwendungssektoren\",\"item\":\"https:\/\/mail.tgmmeccanicadiprecisione.it\/de\/anwendungssektoren\/\"},{\"@type\":\"ListItem\",\"position\":3,\"name\":\"Hydraulik\"}]},{\"@type\":\"WebSite\",\"@id\":\"https:\/\/www.tgmsrl.com\/#website\",\"url\":\"https:\/\/www.tgmsrl.com\/\",\"name\":\"TGM\",\"description\":\"Lavorazioni meccaniche di precisione\",\"publisher\":{\"@id\":\"https:\/\/www.tgmsrl.com\/#organization\"},\"alternateName\":\"TGM Meccanica di precisione\",\"potentialAction\":[{\"@type\":\"SearchAction\",\"target\":{\"@type\":\"EntryPoint\",\"urlTemplate\":\"https:\/\/www.tgmsrl.com\/?s={search_term_string}\"},\"query-input\":\"required name=search_term_string\"}],\"inLanguage\":\"de\"},{\"@type\":\"Organization\",\"@id\":\"https:\/\/www.tgmsrl.com\/#organization\",\"name\":\"TGM\",\"alternateName\":\"TGM Lavorazioni meccaniche di precisione\",\"url\":\"https:\/\/www.tgmsrl.com\/\",\"logo\":{\"@type\":\"ImageObject\",\"inLanguage\":\"de\",\"@id\":\"https:\/\/www.tgmsrl.com\/#\/schema\/logo\/image\/\",\"url\":\"https:\/\/tgmsrl.com\/wp-content\/uploads\/2022\/12\/cropped-logo-icona-sito.png\",\"contentUrl\":\"https:\/\/tgmsrl.com\/wp-content\/uploads\/2022\/12\/cropped-logo-icona-sito.png\",\"width\":512,\"height\":512,\"caption\":\"TGM\"},\"image\":{\"@id\":\"https:\/\/www.tgmsrl.com\/#\/schema\/logo\/image\/\"}}]}<\/script>\n<!-- \/ Yoast SEO plugin. -->","yoast_head_json":{"title":"Mechanische Fertigung f\u00fcr Hydraulik &mdash; TGM","description":"TGM srl fertigt hochpr\u00e4zise mechanische Teile f\u00fcr die Hydraulikindustrie. Unsere Qualit\u00e4t ist zertifiziert.","robots":{"index":"index","follow":"follow","max-snippet":"max-snippet:-1","max-image-preview":"max-image-preview:large","max-video-preview":"max-video-preview:-1"},"canonical":"https:\/\/mail.tgmmeccanicadiprecisione.it\/de\/anwendungssektoren\/hydraulik\/","og_locale":"de_DE","og_type":"article","og_title":"Mechanische Fertigung f\u00fcr Hydraulik &mdash; TGM","og_description":"TGM srl fertigt hochpr\u00e4zise mechanische Teile f\u00fcr die Hydraulikindustrie. Unsere Qualit\u00e4t ist zertifiziert.","og_url":"https:\/\/mail.tgmmeccanicadiprecisione.it\/de\/anwendungssektoren\/hydraulik\/","og_site_name":"TGM","article_modified_time":"2025-09-03T15:10:29+00:00","og_image":[{"url":"https:\/\/mail.tgmmeccanicadiprecisione.it\/wp-content\/uploads\/2022\/11\/Oleodinamica-1.jpg","width":1,"height":1,"type":"image\/jpeg"}],"schema":{"@context":"https:\/\/schema.org","@graph":[{"@type":"WebPage","@id":"https:\/\/mail.tgmmeccanicadiprecisione.it\/de\/anwendungssektoren\/hydraulik\/","url":"https:\/\/mail.tgmmeccanicadiprecisione.it\/de\/anwendungssektoren\/hydraulik\/","name":"Mechanische Fertigung f\u00fcr Hydraulik &mdash; TGM","isPartOf":{"@id":"https:\/\/www.tgmsrl.com\/#website"},"datePublished":"2022-10-19T09:26:02+00:00","dateModified":"2025-09-03T15:10:29+00:00","description":"TGM srl fertigt hochpr\u00e4zise mechanische Teile f\u00fcr die Hydraulikindustrie. Unsere Qualit\u00e4t ist zertifiziert.","breadcrumb":{"@id":"https:\/\/mail.tgmmeccanicadiprecisione.it\/de\/anwendungssektoren\/hydraulik\/#breadcrumb"},"inLanguage":"de","potentialAction":[{"@type":"ReadAction","target":["https:\/\/mail.tgmmeccanicadiprecisione.it\/de\/anwendungssektoren\/hydraulik\/"]}]},{"@type":"BreadcrumbList","@id":"https:\/\/mail.tgmmeccanicadiprecisione.it\/de\/anwendungssektoren\/hydraulik\/#breadcrumb","itemListElement":[{"@type":"ListItem","position":1,"name":"Home","item":"https:\/\/mail.tgmmeccanicadiprecisione.it\/de\/"},{"@type":"ListItem","position":2,"name":"Anwendungssektoren","item":"https:\/\/mail.tgmmeccanicadiprecisione.it\/de\/anwendungssektoren\/"},{"@type":"ListItem","position":3,"name":"Hydraulik"}]},{"@type":"WebSite","@id":"https:\/\/www.tgmsrl.com\/#website","url":"https:\/\/www.tgmsrl.com\/","name":"TGM","description":"Lavorazioni meccaniche di precisione","publisher":{"@id":"https:\/\/www.tgmsrl.com\/#organization"},"alternateName":"TGM Meccanica di precisione","potentialAction":[{"@type":"SearchAction","target":{"@type":"EntryPoint","urlTemplate":"https:\/\/www.tgmsrl.com\/?s={search_term_string}"},"query-input":"required name=search_term_string"}],"inLanguage":"de"},{"@type":"Organization","@id":"https:\/\/www.tgmsrl.com\/#organization","name":"TGM","alternateName":"TGM Lavorazioni meccaniche di precisione","url":"https:\/\/www.tgmsrl.com\/","logo":{"@type":"ImageObject","inLanguage":"de","@id":"https:\/\/www.tgmsrl.com\/#\/schema\/logo\/image\/","url":"https:\/\/tgmsrl.com\/wp-content\/uploads\/2022\/12\/cropped-logo-icona-sito.png","contentUrl":"https:\/\/tgmsrl.com\/wp-content\/uploads\/2022\/12\/cropped-logo-icona-sito.png","width":512,"height":512,"caption":"TGM"},"image":{"@id":"https:\/\/www.tgmsrl.com\/#\/schema\/logo\/image\/"}}]}},"_links":{"self":[{"href":"https:\/\/www.tgmsrl.com\/de\/wp-json\/wp\/v2\/pages\/2083","targetHints":{"allow":["GET"]}}],"collection":[{"href":"https:\/\/www.tgmsrl.com\/de\/wp-json\/wp\/v2\/pages"}],"about":[{"href":"https:\/\/www.tgmsrl.com\/de\/wp-json\/wp\/v2\/types\/page"}],"author":[{"embeddable":true,"href":"https:\/\/www.tgmsrl.com\/de\/wp-json\/wp\/v2\/users\/1"}],"replies":[{"embeddable":true,"href":"https:\/\/www.tgmsrl.com\/de\/wp-json\/wp\/v2\/comments?post=2083"}],"version-history":[{"count":3,"href":"https:\/\/www.tgmsrl.com\/de\/wp-json\/wp\/v2\/pages\/2083\/revisions"}],"predecessor-version":[{"id":2087,"href":"https:\/\/www.tgmsrl.com\/de\/wp-json\/wp\/v2\/pages\/2083\/revisions\/2087"}],"up":[{"embeddable":true,"href":"https:\/\/www.tgmsrl.com\/de\/wp-json\/wp\/v2\/pages\/2009"}],"wp:featuredmedia":[{"embeddable":true,"href":"https:\/\/www.tgmsrl.com\/de\/wp-json\/wp\/v2\/media\/1762"}],"wp:attachment":[{"href":"https:\/\/www.tgmsrl.com\/de\/wp-json\/wp\/v2\/media?parent=2083"}],"curies":[{"name":"wp","href":"https:\/\/api.w.org\/{rel}","templated":true}]}}