{"id":1990,"date":"2022-10-19T09:28:23","date_gmt":"2022-10-19T09:28:23","guid":{"rendered":"https:\/\/tgmsrl.com\/sviluppo-tecnologie-tgm\/"},"modified":"2025-09-03T15:11:59","modified_gmt":"2025-09-03T15:11:59","slug":"development-technology-tgm","status":"publish","type":"page","link":"https:\/\/www.tgmsrl.com\/de\/development-technology-tgm\/","title":{"rendered":"Technologie"},"content":{"rendered":"\n<p>Der Fortschritt und die technologische Entwicklung stehen in unserem Unternehmen nie still. Seit seiner Gr\u00fcndung hat TGM einen Weg eingeschlagen, bei dem es absolut notwendig ist, seine Technologien und Produktionsmethoden st\u00e4ndig zu aktualisieren. Alle Maschinen werden daher zyklisch \u00fcberholt oder ausgetauscht, um auf leistungsf\u00e4hige Ger\u00e4te z\u00e4hlen zu k\u00f6nnen, die in der Lage sind, mit der bestm\u00f6glichen Qualit\u00e4t zu arbeiten; Werkzeuge und Ger\u00e4te werden regelm\u00e4\u00dfig \u00fcberpr\u00fcft und kalibriert, um die notwendige Effizienz zu gew\u00e4hrleisten.<\/p>\n\n\n\n<div style=\"height:50px\" aria-hidden=\"true\" class=\"wp-block-spacer\"><\/div>\n\n\n\n<div class=\"wp-block-columns is-layout-flex wp-container-core-columns-is-layout-9d6595d7 wp-block-columns-is-layout-flex\">\n<div class=\"wp-block-column is-layout-flow wp-block-column-is-layout-flow\">\n<h3 class=\"wp-block-heading\">VERTIKALE BEARBEITUNGSZENTREN<\/h3>\n\n\n\n<p>Wir verf\u00fcgen \u00fcber vertikale Bearbeitungszentren mit einer maximalen Kapazit\u00e4t von 1000\u00d7500 Millimetern. Die neuesten Modelle sind mit anthropomorphen Robotern f\u00fcr die Beschickung mit Rohmaterial und die Entnahme der bearbeiteten Teile ausgestattet.<\/p>\n<\/div>\n\n\n\n<div class=\"wp-block-column is-layout-flow wp-block-column-is-layout-flow\">\n<figure class=\"wp-block-image size-large\"><img loading=\"lazy\" decoding=\"async\" width=\"1024\" height=\"576\" src=\"https:\/\/tgmmeccanicadiprecisione.it\/wp-content\/uploads\/2022\/12\/Centri-di-lavoro-1024x576.jpg\" alt=\"\" class=\"wp-image-917\" srcset=\"https:\/\/tgmmeccanicadiprecisione.it\/wp-content\/uploads\/2022\/12\/Centri-di-lavoro-980x551.jpg 980w, https:\/\/tgmmeccanicadiprecisione.it\/wp-content\/uploads\/2022\/12\/Centri-di-lavoro-480x270.jpg 480w\" sizes=\"auto, (min-width: 0px) and (max-width: 480px) 480px, (min-width: 481px) and (max-width: 980px) 980px, (min-width: 981px) 1024px, 100vw\" \/><\/figure>\n<\/div>\n<\/div>\n\n\n\n<div class=\"wp-block-columns is-layout-flex wp-container-core-columns-is-layout-9d6595d7 wp-block-columns-is-layout-flex\">\n<div class=\"wp-block-column is-layout-flow wp-block-column-is-layout-flow\">\n<figure class=\"wp-block-image size-full\"><img loading=\"lazy\" decoding=\"async\" width=\"800\" height=\"533\" src=\"https:\/\/tgmmeccanicadiprecisione.it\/wp-content\/uploads\/2022\/12\/Centri-di-lavoro_7167.jpg\" alt=\"\" class=\"wp-image-920\" srcset=\"https:\/\/tgmmeccanicadiprecisione.it\/wp-content\/uploads\/2022\/12\/Centri-di-lavoro_7167.jpg 800w, https:\/\/tgmmeccanicadiprecisione.it\/wp-content\/uploads\/2022\/12\/Centri-di-lavoro_7167-480x320.jpg 480w\" sizes=\"auto, (min-width: 0px) and (max-width: 480px) 480px, (min-width: 481px) 800px, 100vw\" \/><\/figure>\n<\/div>\n\n\n\n<div class=\"wp-block-column is-layout-flow wp-block-column-is-layout-flow\">\n<h3 class=\"wp-block-heading\">HORIZONTALE BEARBEITUNGSZENTREN<\/h3>\n\n\n\n<p>Unsere horizontalen Bearbeitungszentren mit mehreren Paletten haben ein maximales Fassungsverm\u00f6gen von 1600x1100x1350 Millimetern. Auch in diesem Fall werden die Be- und Entladearbeiten von einem speziellen anthropomorphen Roboter \u00fcbernommen.<\/p>\n<\/div>\n<\/div>\n\n\n\n<div class=\"wp-block-columns is-layout-flex wp-container-core-columns-is-layout-9d6595d7 wp-block-columns-is-layout-flex\">\n<div class=\"wp-block-column is-layout-flow wp-block-column-is-layout-flow\">\n<h3 class=\"wp-block-heading\">AUTOMATISCHE STANGENDREHZENTREN<\/h3>\n\n\n\n<p>Die 5-Achsen-Drehautomaten werden von automatischen Stangenladern gespeist und k\u00f6nnen Stangen mit einem Durchmesser von 2 bis 70 mm bearbeiten. Die automatische Beschickung und die M\u00f6glichkeit, verschiedene Bearbeitungen bereits w\u00e4hrend der Drehphase durchzuf\u00fchren, machen diese Zentren sehr n\u00fctzlich und produktiv.<\/p>\n<\/div>\n\n\n\n<div class=\"wp-block-column is-layout-flow wp-block-column-is-layout-flow\">\n<figure class=\"wp-block-image size-full\"><img loading=\"lazy\" decoding=\"async\" width=\"800\" height=\"533\" src=\"https:\/\/tgmmeccanicadiprecisione.it\/wp-content\/uploads\/2022\/12\/Tornio-automatico_da-barra_6807-1.jpg\" alt=\"\" class=\"wp-image-924\" srcset=\"https:\/\/tgmmeccanicadiprecisione.it\/wp-content\/uploads\/2022\/12\/Tornio-automatico_da-barra_6807-1.jpg 800w, https:\/\/tgmmeccanicadiprecisione.it\/wp-content\/uploads\/2022\/12\/Tornio-automatico_da-barra_6807-1-480x320.jpg 480w\" sizes=\"auto, (min-width: 0px) and (max-width: 480px) 480px, (min-width: 481px) 800px, 100vw\" \/><\/figure>\n<\/div>\n<\/div>\n\n\n\n<div class=\"wp-block-columns is-layout-flex wp-container-core-columns-is-layout-9d6595d7 wp-block-columns-is-layout-flex\">\n<div class=\"wp-block-column is-layout-flow wp-block-column-is-layout-flow\">\n<figure class=\"wp-block-image size-full\"><img loading=\"lazy\" decoding=\"async\" width=\"800\" height=\"533\" src=\"https:\/\/tgmmeccanicadiprecisione.it\/wp-content\/uploads\/2022\/12\/TORNI-DA-RIPRESA-A-5-ASSI_7073.jpg\" alt=\"\" class=\"wp-image-925\" srcset=\"https:\/\/tgmmeccanicadiprecisione.it\/wp-content\/uploads\/2022\/12\/TORNI-DA-RIPRESA-A-5-ASSI_7073.jpg 800w, https:\/\/tgmmeccanicadiprecisione.it\/wp-content\/uploads\/2022\/12\/TORNI-DA-RIPRESA-A-5-ASSI_7073-480x320.jpg 480w\" sizes=\"auto, (min-width: 0px) and (max-width: 480px) 480px, (min-width: 481px) 800px, 100vw\" \/><\/figure>\n<\/div>\n\n\n\n<div class=\"wp-block-column is-layout-flow wp-block-column-is-layout-flow\">\n<h3 class=\"wp-block-heading\">5-ACHSEN-ABZUGSDREHMASCHINEN<\/h3>\n\n\n\n<p>Die 5-Achsen-Abzugsdrehmaschinen werden von anthropomorphen Robotern bedient und k\u00f6nnen bis zu einem Durchmesser von 450 Millimetern bearbeiten.<\/p>\n<\/div>\n<\/div>\n\n\n\n<div class=\"wp-block-columns is-layout-flex wp-container-core-columns-is-layout-9d6595d7 wp-block-columns-is-layout-flex\">\n<div class=\"wp-block-column is-layout-flow wp-block-column-is-layout-flow\">\n<h3 class=\"wp-block-heading\">VERTIKALDREHMASCHINEN<\/h3>\n\n\n\n<p>Die Vertikaldrehmaschinen sind mit einem motorisierten Karussellsystem ausgestattet, das sich dreht und es dem Bediener erm\u00f6glicht, die bearbeiteten Teile bei laufender Maschine durch neue zu ersetzen, wodurch die Stillstandszeit der Drehmaschine minimiert wird.<\/p>\n<\/div>\n\n\n\n<div class=\"wp-block-column is-layout-flow wp-block-column-is-layout-flow\">\n<figure class=\"wp-block-image size-full\"><img loading=\"lazy\" decoding=\"async\" width=\"800\" height=\"540\" src=\"https:\/\/tgmmeccanicadiprecisione.it\/wp-content\/uploads\/2022\/12\/Centri-lavoro_0088-e1670604855335.jpg\" alt=\"\" class=\"wp-image-926\" srcset=\"https:\/\/www.tgmsrl.com\/wp-content\/uploads\/2022\/12\/Centri-lavoro_0088-e1670604855335.jpg 800w, https:\/\/www.tgmsrl.com\/wp-content\/uploads\/2022\/12\/Centri-lavoro_0088-e1670604855335-300x203.jpg 300w, https:\/\/www.tgmsrl.com\/wp-content\/uploads\/2022\/12\/Centri-lavoro_0088-e1670604855335-768x518.jpg 768w\" sizes=\"auto, (max-width: 800px) 100vw, 800px\" \/><\/figure>\n<\/div>\n<\/div>\n\n\n\n<div class=\"wp-block-columns is-layout-flex wp-container-core-columns-is-layout-9d6595d7 wp-block-columns-is-layout-flex\">\n<div class=\"wp-block-column is-layout-flow wp-block-column-is-layout-flow\">\n<figure class=\"wp-block-image size-full\"><img loading=\"lazy\" decoding=\"async\" width=\"800\" height=\"533\" src=\"https:\/\/tgmmeccanicadiprecisione.it\/wp-content\/uploads\/2022\/12\/Macchine-Attrezzature_Lavaggio-Materiali.jpg\" alt=\"\" class=\"wp-image-927\" srcset=\"https:\/\/tgmmeccanicadiprecisione.it\/wp-content\/uploads\/2022\/12\/Macchine-Attrezzature_Lavaggio-Materiali.jpg 800w, https:\/\/tgmmeccanicadiprecisione.it\/wp-content\/uploads\/2022\/12\/Macchine-Attrezzature_Lavaggio-Materiali-480x320.jpg 480w\" sizes=\"auto, (min-width: 0px) and (max-width: 480px) 480px, (min-width: 481px) 800px, 100vw\" \/><\/figure>\n<\/div>\n\n\n\n<div class=\"wp-block-column is-layout-flow wp-block-column-is-layout-flow\">\n<h3 class=\"wp-block-heading\">MASCHINEN UND ANLAGEN<\/h3>\n\n\n\n<p>Der Maschinenpark von TGM ist komplett und gut ausgestattet, mit spitzenlosen Schleifmaschinen, Planschleifmaschinen, Gewindewalzmaschinen, mechanischen Entgratungsmaschinen, hydraulischen Pressen und mechanischen Pressen sowie Materialwaschmaschinen und Perlstrahlmaschinen.<\/p>\n<\/div>\n<\/div>\n\n\n\n<p><\/p>\n","protected":false},"excerpt":{"rendered":"<p>Der Fortschritt und die technologische Entwicklung stehen in unserem Unternehmen nie still. Seit seiner Gr\u00fcndung hat TGM einen Weg eingeschlagen, bei dem es absolut notwendig ist, seine Technologien und Produktionsmethoden st\u00e4ndig zu aktualisieren. Alle Maschinen werden daher zyklisch \u00fcberholt oder ausgetauscht, um auf leistungsf\u00e4hige Ger\u00e4te z\u00e4hlen zu k\u00f6nnen, die in der Lage sind, mit der [&hellip;]<\/p>\n","protected":false},"author":1,"featured_media":1804,"parent":0,"menu_order":0,"comment_status":"closed","ping_status":"closed","template":"","meta":{"_et_pb_use_builder":"off","_et_pb_old_content":"<!-- wp:divi\/placeholder \/-->","_et_gb_content_width":"","footnotes":""},"class_list":["post-1990","page","type-page","status-publish","has-post-thumbnail","hentry"],"yoast_head":"<!-- This site is optimized with the Yoast SEO plugin v20.1 - https:\/\/yoast.com\/wordpress\/plugins\/seo\/ -->\n<title>Technologie &mdash; TGM<\/title>\n<meta name=\"description\" content=\"Modernste Technologien und Produktionsmethoden, um auf leistungsstarke Ger\u00e4te mit hoher Qualit\u00e4tsleistung z\u00e4hlen zu k\u00f6nnen.\" \/>\n<meta name=\"robots\" content=\"index, follow, max-snippet:-1, max-video-preview:-1, noimageindex\" \/>\n<link rel=\"canonical\" href=\"https:\/\/tgmmeccanicadiprecisione.it\/de\/development-technology-tgm\/\" \/>\n<meta property=\"og:locale\" content=\"de_DE\" \/>\n<meta property=\"og:type\" content=\"article\" \/>\n<meta property=\"og:title\" content=\"Technologie &mdash; TGM\" \/>\n<meta property=\"og:description\" content=\"Modernste Technologien und Produktionsmethoden, um auf leistungsstarke Ger\u00e4te mit hoher Qualit\u00e4tsleistung z\u00e4hlen zu k\u00f6nnen.\" \/>\n<meta property=\"og:url\" content=\"https:\/\/tgmmeccanicadiprecisione.it\/de\/development-technology-tgm\/\" \/>\n<meta property=\"og:site_name\" content=\"TGM\" \/>\n<meta property=\"article:modified_time\" content=\"2025-09-03T15:11:59+00:00\" \/>\n<meta property=\"og:image\" content=\"https:\/\/tgmmeccanicadiprecisione.it\/wp-content\/uploads\/2022\/12\/Banner-Tecnologie-scaled.jpg\" \/>\n\t<meta property=\"og:image:width\" content=\"2560\" \/>\n\t<meta property=\"og:image:height\" content=\"969\" \/>\n\t<meta property=\"og:image:type\" content=\"image\/jpeg\" \/>\n<script type=\"application\/ld+json\" class=\"yoast-schema-graph\">{\"@context\":\"https:\/\/schema.org\",\"@graph\":[{\"@type\":\"WebPage\",\"@id\":\"https:\/\/tgmmeccanicadiprecisione.it\/de\/development-technology-tgm\/\",\"url\":\"https:\/\/tgmmeccanicadiprecisione.it\/de\/development-technology-tgm\/\",\"name\":\"Technologie &mdash; TGM\",\"isPartOf\":{\"@id\":\"https:\/\/www.tgmsrl.com\/#website\"},\"datePublished\":\"2022-10-19T09:28:23+00:00\",\"dateModified\":\"2025-09-03T15:11:59+00:00\",\"description\":\"Modernste Technologien und Produktionsmethoden, um auf leistungsstarke Ger\u00e4te mit hoher Qualit\u00e4tsleistung z\u00e4hlen zu k\u00f6nnen.\",\"breadcrumb\":{\"@id\":\"https:\/\/tgmmeccanicadiprecisione.it\/de\/development-technology-tgm\/#breadcrumb\"},\"inLanguage\":\"de\",\"potentialAction\":[{\"@type\":\"ReadAction\",\"target\":[\"https:\/\/tgmmeccanicadiprecisione.it\/de\/development-technology-tgm\/\"]}]},{\"@type\":\"BreadcrumbList\",\"@id\":\"https:\/\/tgmmeccanicadiprecisione.it\/de\/development-technology-tgm\/#breadcrumb\",\"itemListElement\":[{\"@type\":\"ListItem\",\"position\":1,\"name\":\"Home\",\"item\":\"https:\/\/mail.tgmmeccanicadiprecisione.it\/de\/\"},{\"@type\":\"ListItem\",\"position\":2,\"name\":\"Technologie\"}]},{\"@type\":\"WebSite\",\"@id\":\"https:\/\/www.tgmsrl.com\/#website\",\"url\":\"https:\/\/www.tgmsrl.com\/\",\"name\":\"TGM\",\"description\":\"Lavorazioni meccaniche di precisione\",\"publisher\":{\"@id\":\"https:\/\/www.tgmsrl.com\/#organization\"},\"alternateName\":\"TGM Meccanica di precisione\",\"potentialAction\":[{\"@type\":\"SearchAction\",\"target\":{\"@type\":\"EntryPoint\",\"urlTemplate\":\"https:\/\/www.tgmsrl.com\/?s={search_term_string}\"},\"query-input\":\"required name=search_term_string\"}],\"inLanguage\":\"de\"},{\"@type\":\"Organization\",\"@id\":\"https:\/\/www.tgmsrl.com\/#organization\",\"name\":\"TGM\",\"alternateName\":\"TGM Lavorazioni meccaniche di precisione\",\"url\":\"https:\/\/www.tgmsrl.com\/\",\"logo\":{\"@type\":\"ImageObject\",\"inLanguage\":\"de\",\"@id\":\"https:\/\/www.tgmsrl.com\/#\/schema\/logo\/image\/\",\"url\":\"https:\/\/tgmsrl.com\/wp-content\/uploads\/2022\/12\/cropped-logo-icona-sito.png\",\"contentUrl\":\"https:\/\/tgmsrl.com\/wp-content\/uploads\/2022\/12\/cropped-logo-icona-sito.png\",\"width\":512,\"height\":512,\"caption\":\"TGM\"},\"image\":{\"@id\":\"https:\/\/www.tgmsrl.com\/#\/schema\/logo\/image\/\"}}]}<\/script>\n<!-- \/ Yoast SEO plugin. -->","yoast_head_json":{"title":"Technologie &mdash; TGM","description":"Modernste Technologien und Produktionsmethoden, um auf leistungsstarke Ger\u00e4te mit hoher Qualit\u00e4tsleistung z\u00e4hlen zu k\u00f6nnen.","robots":{"index":"index","follow":"follow","max-snippet":"max-snippet:-1","max-video-preview":"max-video-preview:-1","imageindex":"noimageindex"},"canonical":"https:\/\/tgmmeccanicadiprecisione.it\/de\/development-technology-tgm\/","og_locale":"de_DE","og_type":"article","og_title":"Technologie &mdash; TGM","og_description":"Modernste Technologien und Produktionsmethoden, um auf leistungsstarke Ger\u00e4te mit hoher Qualit\u00e4tsleistung z\u00e4hlen zu k\u00f6nnen.","og_url":"https:\/\/tgmmeccanicadiprecisione.it\/de\/development-technology-tgm\/","og_site_name":"TGM","article_modified_time":"2025-09-03T15:11:59+00:00","og_image":[{"width":2560,"height":969,"url":"https:\/\/tgmmeccanicadiprecisione.it\/wp-content\/uploads\/2022\/12\/Banner-Tecnologie-scaled.jpg","type":"image\/jpeg"}],"schema":{"@context":"https:\/\/schema.org","@graph":[{"@type":"WebPage","@id":"https:\/\/tgmmeccanicadiprecisione.it\/de\/development-technology-tgm\/","url":"https:\/\/tgmmeccanicadiprecisione.it\/de\/development-technology-tgm\/","name":"Technologie &mdash; TGM","isPartOf":{"@id":"https:\/\/www.tgmsrl.com\/#website"},"datePublished":"2022-10-19T09:28:23+00:00","dateModified":"2025-09-03T15:11:59+00:00","description":"Modernste Technologien und Produktionsmethoden, um auf leistungsstarke Ger\u00e4te mit hoher Qualit\u00e4tsleistung z\u00e4hlen zu k\u00f6nnen.","breadcrumb":{"@id":"https:\/\/tgmmeccanicadiprecisione.it\/de\/development-technology-tgm\/#breadcrumb"},"inLanguage":"de","potentialAction":[{"@type":"ReadAction","target":["https:\/\/tgmmeccanicadiprecisione.it\/de\/development-technology-tgm\/"]}]},{"@type":"BreadcrumbList","@id":"https:\/\/tgmmeccanicadiprecisione.it\/de\/development-technology-tgm\/#breadcrumb","itemListElement":[{"@type":"ListItem","position":1,"name":"Home","item":"https:\/\/mail.tgmmeccanicadiprecisione.it\/de\/"},{"@type":"ListItem","position":2,"name":"Technologie"}]},{"@type":"WebSite","@id":"https:\/\/www.tgmsrl.com\/#website","url":"https:\/\/www.tgmsrl.com\/","name":"TGM","description":"Lavorazioni meccaniche di precisione","publisher":{"@id":"https:\/\/www.tgmsrl.com\/#organization"},"alternateName":"TGM Meccanica di precisione","potentialAction":[{"@type":"SearchAction","target":{"@type":"EntryPoint","urlTemplate":"https:\/\/www.tgmsrl.com\/?s={search_term_string}"},"query-input":"required name=search_term_string"}],"inLanguage":"de"},{"@type":"Organization","@id":"https:\/\/www.tgmsrl.com\/#organization","name":"TGM","alternateName":"TGM Lavorazioni meccaniche di precisione","url":"https:\/\/www.tgmsrl.com\/","logo":{"@type":"ImageObject","inLanguage":"de","@id":"https:\/\/www.tgmsrl.com\/#\/schema\/logo\/image\/","url":"https:\/\/tgmsrl.com\/wp-content\/uploads\/2022\/12\/cropped-logo-icona-sito.png","contentUrl":"https:\/\/tgmsrl.com\/wp-content\/uploads\/2022\/12\/cropped-logo-icona-sito.png","width":512,"height":512,"caption":"TGM"},"image":{"@id":"https:\/\/www.tgmsrl.com\/#\/schema\/logo\/image\/"}}]}},"_links":{"self":[{"href":"https:\/\/www.tgmsrl.com\/de\/wp-json\/wp\/v2\/pages\/1990","targetHints":{"allow":["GET"]}}],"collection":[{"href":"https:\/\/www.tgmsrl.com\/de\/wp-json\/wp\/v2\/pages"}],"about":[{"href":"https:\/\/www.tgmsrl.com\/de\/wp-json\/wp\/v2\/types\/page"}],"author":[{"embeddable":true,"href":"https:\/\/www.tgmsrl.com\/de\/wp-json\/wp\/v2\/users\/1"}],"replies":[{"embeddable":true,"href":"https:\/\/www.tgmsrl.com\/de\/wp-json\/wp\/v2\/comments?post=1990"}],"version-history":[{"count":5,"href":"https:\/\/www.tgmsrl.com\/de\/wp-json\/wp\/v2\/pages\/1990\/revisions"}],"predecessor-version":[{"id":1997,"href":"https:\/\/www.tgmsrl.com\/de\/wp-json\/wp\/v2\/pages\/1990\/revisions\/1997"}],"wp:featuredmedia":[{"embeddable":true,"href":"https:\/\/www.tgmsrl.com\/de\/wp-json\/wp\/v2\/media\/1804"}],"wp:attachment":[{"href":"https:\/\/www.tgmsrl.com\/de\/wp-json\/wp\/v2\/media?parent=1990"}],"curies":[{"name":"wp","href":"https:\/\/api.w.org\/{rel}","templated":true}]}}